{"id":74,"date":"2023-05-06T16:14:35","date_gmt":"2023-05-06T16:14:35","guid":{"rendered":"https:\/\/germancat.com\/?page_id=74"},"modified":"2023-05-06T18:28:51","modified_gmt":"2023-05-06T18:28:51","slug":"impressum","status":"publish","type":"page","link":"https:\/\/germancat.com\/?page_id=74","title":{"rendered":"Impressum"},"content":{"rendered":"\n<p>Ste GERMAN CAT<\/p>\n\n\n\n<p>Mohamed El Boujadayni<\/p>\n\n\n\n<p>Hay Salam No 8<\/p>\n\n\n\n<p>Meknes, Morocoo<\/p>\n\n\n\n<p><strong>Contact:<\/strong><\/p>\n\n\n\n<p>Telefon: +49 172 2556794<\/p>\n\n\n\n<p>E-Mail:&nbsp;<a href=\"mailto:info@germancat.com\" target=\"_blank\" rel=\"noreferrer noopener\">info@germancat.com<\/a><\/p>\n\n\n\n<p>Commerce-ID:<\/p>\n\n\n\n<p>111051<\/p>\n\n\n\n<p><strong>Copyright<\/strong><\/p>\n\n\n\n<p>Die durch die Seitenbetreiber erstellten Inhalte und Werke auf diesen Seiten unterliegen dem Urheberrecht. Die Vervielf\u00e4ltigung, Bearbeitung, Verbreitung und jede Art der Verwertung au\u00dferhalb der Grenzen des Urheberrechtes bed\u00fcrfen der schriftlichen Zustimmung des jeweiligen Autors bzw. Erstellers. Downloads und Kopien dieser Seite sind nur f\u00fcr den privaten, nicht kommerziellen Gebrauch gestattet. Soweit die Inhalte auf dieser Seite nicht vom Betreiber erstellt wurden, werden die Urheberrechte Dritter beachtet. Insbesondere werden Inhalte Dritter als solche gekennzeichnet. Sollten Sie trotzdem auf eine Urheberrechtsverletzung aufmerksam werden, bitten wir um einen entsprechenden Hinweis. Bei Bekanntwerden von Rechtsverletzungen werden wir derartige Inhalte umgehend entfernen.<\/p>\n\n\n\n<p><strong>Data Privacy<\/strong><\/p>\n\n\n\n<p>Die Nutzung unserer Webseite ist in der Regel ohne Angabe personenbezogener Daten m\u00f6glich. Soweit auf unseren Seiten personenbezogene Daten (beispielsweise Name, Anschrift oder eMail-Adressen) erhoben werden, erfolgt dies, soweit m\u00f6glich, stets auf freiwilliger Basis. Diese Daten werden ohne Ihre ausdr\u00fcckliche Zustimmung nicht an Dritte weitergegeben.<\/p>\n\n\n\n<p>Wir weisen darauf hin, dass die Daten\u00fcbertragung im Internet (z.B. bei der Kommunikation per E-Mail) Sicherheitsl\u00fccken aufweisen kann. Ein l\u00fcckenloser Schutz der Daten vor dem Zugriff durch Dritte ist nicht m\u00f6glich.<\/p>\n\n\n\n<p>Der Nutzung von im Rahmen der Impressumspflicht ver\u00f6ffentlichten Kontaktdaten durch Dritte zur \u00dcbersendung von nicht ausdr\u00fccklich angeforderter Werbung und Informationsmaterialien wird hiermit ausdr\u00fccklich widersprochen. Die Betreiber der Seiten behalten sich ausdr\u00fccklich rechtliche Schritte im Falle der unverlangten Zusendung von Werbeinformationen, etwa durch Spam-Mails, vor.<\/p>\n\n\n\n<p>Weitere Informationen zum Datenschutz&nbsp;<a>Link<\/a>.<\/p>\n","protected":false},"excerpt":{"rendered":"<p>Ste GERMAN CAT Mohamed El Boujadayni Hay Salam No 8 Meknes, Morocoo Contact: Telefon: +49 172 2556794 E-Mail:&nbsp;info@germancat.com Commerce-ID: 111051 Copyright Die durch die Seitenbetreiber erstellten Inhalte und Werke auf diesen Seiten unterliegen dem Urheberrecht. Die Vervielf\u00e4ltigung, Bearbeitung, Verbreitung und jede Art der Verwertung au\u00dferhalb der Grenzen des Urheberrechtes bed\u00fcrfen [&hellip;]<\/p>\n","protected":false},"author":1,"featured_media":0,"parent":0,"menu_order":0,"comment_status":"closed","ping_status":"closed","template":"","meta":{"footnotes":""},"class_list":["post-74","page","type-page","status-publish","hentry"],"yoast_head":"<!-- This site is optimized with the Yoast SEO plugin v20.6 - https:\/\/yoast.com\/wordpress\/plugins\/seo\/ -->\n<title>Impressum - GERMANCAT<\/title>\n<meta name=\"robots\" content=\"index, follow, max-snippet:-1, max-image-preview:large, max-video-preview:-1\" \/>\n<link rel=\"canonical\" href=\"https:\/\/germancat.com\/?page_id=74\" \/>\n<meta property=\"og:locale\" content=\"de_DE\" \/>\n<meta property=\"og:type\" content=\"article\" \/>\n<meta property=\"og:title\" content=\"Impressum - GERMANCAT\" \/>\n<meta property=\"og:description\" content=\"Ste GERMAN CAT Mohamed El Boujadayni Hay Salam No 8 Meknes, Morocoo Contact: Telefon: +49 172 2556794 E-Mail:&nbsp;info@germancat.com Commerce-ID: 111051 Copyright Die durch die Seitenbetreiber erstellten Inhalte und Werke auf diesen Seiten unterliegen dem Urheberrecht. Die Vervielf\u00e4ltigung, Bearbeitung, Verbreitung und jede Art der Verwertung au\u00dferhalb der Grenzen des Urheberrechtes bed\u00fcrfen [&hellip;]\" \/>\n<meta property=\"og:url\" content=\"https:\/\/germancat.com\/?page_id=74\" \/>\n<meta property=\"og:site_name\" content=\"GERMANCAT\" \/>\n<meta property=\"article:modified_time\" content=\"2023-05-06T18:28:51+00:00\" \/>\n<meta name=\"twitter:card\" content=\"summary_large_image\" \/>\n<meta name=\"twitter:label1\" content=\"Gesch\u00e4tzte Lesezeit\" \/>\n\t<meta name=\"twitter:data1\" content=\"2\u00a0Minuten\" \/>\n<script type=\"application\/ld+json\" class=\"yoast-schema-graph\">{\"@context\":\"https:\/\/schema.org\",\"@graph\":[{\"@type\":\"WebPage\",\"@id\":\"https:\/\/germancat.com\/?page_id=74\",\"url\":\"https:\/\/germancat.com\/?page_id=74\",\"name\":\"Impressum - GERMANCAT\",\"isPartOf\":{\"@id\":\"https:\/\/germancat.com\/#website\"},\"datePublished\":\"2023-05-06T16:14:35+00:00\",\"dateModified\":\"2023-05-06T18:28:51+00:00\",\"breadcrumb\":{\"@id\":\"https:\/\/germancat.com\/?page_id=74#breadcrumb\"},\"inLanguage\":\"de\",\"potentialAction\":[{\"@type\":\"ReadAction\",\"target\":[\"https:\/\/germancat.com\/?page_id=74\"]}]},{\"@type\":\"BreadcrumbList\",\"@id\":\"https:\/\/germancat.com\/?page_id=74#breadcrumb\",\"itemListElement\":[{\"@type\":\"ListItem\",\"position\":1,\"name\":\"Startseite\",\"item\":\"https:\/\/germancat.com\/\"},{\"@type\":\"ListItem\",\"position\":2,\"name\":\"Impressum\"}]},{\"@type\":\"WebSite\",\"@id\":\"https:\/\/germancat.com\/#website\",\"url\":\"https:\/\/germancat.com\/\",\"name\":\"GERMANCAT\",\"description\":\"\",\"publisher\":{\"@id\":\"https:\/\/germancat.com\/#organization\"},\"potentialAction\":[{\"@type\":\"SearchAction\",\"target\":{\"@type\":\"EntryPoint\",\"urlTemplate\":\"https:\/\/germancat.com\/?s={search_term_string}\"},\"query-input\":\"required name=search_term_string\"}],\"inLanguage\":\"de\"},{\"@type\":\"Organization\",\"@id\":\"https:\/\/germancat.com\/#organization\",\"name\":\"GERMANCAT\",\"url\":\"https:\/\/germancat.com\/\",\"logo\":{\"@type\":\"ImageObject\",\"inLanguage\":\"de\",\"@id\":\"https:\/\/germancat.com\/#\/schema\/logo\/image\/\",\"url\":\"https:\/\/germancat.com\/wp-content\/uploads\/2023\/05\/cropped-bgerman.png\",\"contentUrl\":\"https:\/\/germancat.com\/wp-content\/uploads\/2023\/05\/cropped-bgerman.png\",\"width\":433,\"height\":344,\"caption\":\"GERMANCAT\"},\"image\":{\"@id\":\"https:\/\/germancat.com\/#\/schema\/logo\/image\/\"}}]}<\/script>\n<!-- \/ Yoast SEO plugin. -->","yoast_head_json":{"title":"Impressum - GERMANCAT","robots":{"index":"index","follow":"follow","max-snippet":"max-snippet:-1","max-image-preview":"max-image-preview:large","max-video-preview":"max-video-preview:-1"},"canonical":"https:\/\/germancat.com\/?page_id=74","og_locale":"de_DE","og_type":"article","og_title":"Impressum - GERMANCAT","og_description":"Ste GERMAN CAT Mohamed El Boujadayni Hay Salam No 8 Meknes, Morocoo Contact: Telefon: +49 172 2556794 E-Mail:&nbsp;info@germancat.com Commerce-ID: 111051 Copyright Die durch die Seitenbetreiber erstellten Inhalte und Werke auf diesen Seiten unterliegen dem Urheberrecht. Die Vervielf\u00e4ltigung, Bearbeitung, Verbreitung und jede Art der Verwertung au\u00dferhalb der Grenzen des Urheberrechtes bed\u00fcrfen [&hellip;]","og_url":"https:\/\/germancat.com\/?page_id=74","og_site_name":"GERMANCAT","article_modified_time":"2023-05-06T18:28:51+00:00","twitter_card":"summary_large_image","twitter_misc":{"Gesch\u00e4tzte Lesezeit":"2\u00a0Minuten"},"schema":{"@context":"https:\/\/schema.org","@graph":[{"@type":"WebPage","@id":"https:\/\/germancat.com\/?page_id=74","url":"https:\/\/germancat.com\/?page_id=74","name":"Impressum - GERMANCAT","isPartOf":{"@id":"https:\/\/germancat.com\/#website"},"datePublished":"2023-05-06T16:14:35+00:00","dateModified":"2023-05-06T18:28:51+00:00","breadcrumb":{"@id":"https:\/\/germancat.com\/?page_id=74#breadcrumb"},"inLanguage":"de","potentialAction":[{"@type":"ReadAction","target":["https:\/\/germancat.com\/?page_id=74"]}]},{"@type":"BreadcrumbList","@id":"https:\/\/germancat.com\/?page_id=74#breadcrumb","itemListElement":[{"@type":"ListItem","position":1,"name":"Startseite","item":"https:\/\/germancat.com\/"},{"@type":"ListItem","position":2,"name":"Impressum"}]},{"@type":"WebSite","@id":"https:\/\/germancat.com\/#website","url":"https:\/\/germancat.com\/","name":"GERMANCAT","description":"","publisher":{"@id":"https:\/\/germancat.com\/#organization"},"potentialAction":[{"@type":"SearchAction","target":{"@type":"EntryPoint","urlTemplate":"https:\/\/germancat.com\/?s={search_term_string}"},"query-input":"required name=search_term_string"}],"inLanguage":"de"},{"@type":"Organization","@id":"https:\/\/germancat.com\/#organization","name":"GERMANCAT","url":"https:\/\/germancat.com\/","logo":{"@type":"ImageObject","inLanguage":"de","@id":"https:\/\/germancat.com\/#\/schema\/logo\/image\/","url":"https:\/\/germancat.com\/wp-content\/uploads\/2023\/05\/cropped-bgerman.png","contentUrl":"https:\/\/germancat.com\/wp-content\/uploads\/2023\/05\/cropped-bgerman.png","width":433,"height":344,"caption":"GERMANCAT"},"image":{"@id":"https:\/\/germancat.com\/#\/schema\/logo\/image\/"}}]}},"_links":{"self":[{"href":"https:\/\/germancat.com\/index.php?rest_route=\/wp\/v2\/pages\/74","targetHints":{"allow":["GET"]}}],"collection":[{"href":"https:\/\/germancat.com\/index.php?rest_route=\/wp\/v2\/pages"}],"about":[{"href":"https:\/\/germancat.com\/index.php?rest_route=\/wp\/v2\/types\/page"}],"author":[{"embeddable":true,"href":"https:\/\/germancat.com\/index.php?rest_route=\/wp\/v2\/users\/1"}],"replies":[{"embeddable":true,"href":"https:\/\/germancat.com\/index.php?rest_route=%2Fwp%2Fv2%2Fcomments&post=74"}],"version-history":[{"count":2,"href":"https:\/\/germancat.com\/index.php?rest_route=\/wp\/v2\/pages\/74\/revisions"}],"predecessor-version":[{"id":121,"href":"https:\/\/germancat.com\/index.php?rest_route=\/wp\/v2\/pages\/74\/revisions\/121"}],"wp:attachment":[{"href":"https:\/\/germancat.com\/index.php?rest_route=%2Fwp%2Fv2%2Fmedia&parent=74"}],"curies":[{"name":"wp","href":"https:\/\/api.w.org\/{rel}","templated":true}]}}